{"id":9,"date":"2021-10-13T17:13:21","date_gmt":"2021-10-13T15:13:21","guid":{"rendered":"http:\/\/www.zou-sculpture.com\/?page_id=9"},"modified":"2021-10-13T18:46:44","modified_gmt":"2021-10-13T16:46:44","slug":"sculpture","status":"publish","type":"page","link":"https:\/\/www.zou-sculpture.com\/index.php\/sculpture\/","title":{"rendered":"Sculpture"},"content":{"rendered":"\n<p class=\"has-white-color has-text-color\">Ma <strong>d\u00e9marche<\/strong>  : la <strong>s\u00e9rendipit\u00e9<\/strong>. <\/p>\n\n\n\n<p class=\"has-white-color has-text-color\">C&#8217;est la facult\u00e9 de trouver quelque chose d\u2019impr\u00e9vu et d\u2019utile tout en cherchant autre chose.<\/p>\n\n\n\n<p class=\"has-white-color has-text-color\">Ses heureux concours de circonstances, je les dois aux artistes qui jalonnent mon parcours artistique. J&#8217;aime travailler mes originaux en terre. Cette mati\u00e8re noble apporte un grain particulier aux statues, comme si c&#8217;\u00e9tait de la pierre. <\/p>\n","protected":false},"excerpt":{"rendered":"<p>Ma d\u00e9marche : la s\u00e9rendipit\u00e9. C&#8217;est la facult\u00e9 de trouver quelque chose d\u2019impr\u00e9vu et d\u2019utile tout en cherchant autre chose. Ses heureux concours de circonstances, je les dois aux artistes qui jalonnent mon parcours artistique. J&#8217;aime travailler mes originaux en terre. Cette mati\u00e8re noble apporte un grain particulier aux statues, comme si c&#8217;\u00e9tait de la [&hellip;]<\/p>\n","protected":false},"author":1,"featured_media":0,"parent":0,"menu_order":0,"comment_status":"closed","ping_status":"closed","template":"","meta":{"spay_email":""},"_links":{"self":[{"href":"https:\/\/www.zou-sculpture.com\/index.php\/wp-json\/wp\/v2\/pages\/9"}],"collection":[{"href":"https:\/\/www.zou-sculpture.com\/index.php\/wp-json\/wp\/v2\/pages"}],"about":[{"href":"https:\/\/www.zou-sculpture.com\/index.php\/wp-json\/wp\/v2\/types\/page"}],"author":[{"embeddable":true,"href":"https:\/\/www.zou-sculpture.com\/index.php\/wp-json\/wp\/v2\/users\/1"}],"replies":[{"embeddable":true,"href":"https:\/\/www.zou-sculpture.com\/index.php\/wp-json\/wp\/v2\/comments?post=9"}],"version-history":[{"count":4,"href":"https:\/\/www.zou-sculpture.com\/index.php\/wp-json\/wp\/v2\/pages\/9\/revisions"}],"predecessor-version":[{"id":44,"href":"https:\/\/www.zou-sculpture.com\/index.php\/wp-json\/wp\/v2\/pages\/9\/revisions\/44"}],"wp:attachment":[{"href":"https:\/\/www.zou-sculpture.com\/index.php\/wp-json\/wp\/v2\/media?parent=9"}],"curies":[{"name":"wp","href":"https:\/\/api.w.org\/{rel}","templated":true}]}}